{"id":4122,"date":"2025-06-19T18:16:19","date_gmt":"2025-06-19T18:16:19","guid":{"rendered":"https:\/\/www.punteks.com\/?page_id=4122"},"modified":"2025-06-26T19:24:36","modified_gmt":"2025-06-26T19:24:36","slug":"automotive","status":"publish","type":"page","link":"https:\/\/www.punteks.com\/en\/applications\/industrial-applications\/automotive\/","title":{"rendered":"Automotive"},"content":{"rendered":"<div class=\"fusion-fullwidth fullwidth-box fusion-builder-row-1 fusion-flex-container has-pattern-background has-mask-background nonhundred-percent-fullwidth non-hundred-percent-height-scrolling\" style=\"--awb-border-radius-top-left:0px;--awb-border-radius-top-right:0px;--awb-border-radius-bottom-right:0px;--awb-border-radius-bottom-left:0px;--awb-flex-wrap:wrap;\" ><div class=\"fusion-builder-row fusion-row fusion-flex-align-items-flex-start fusion-flex-content-wrap\" style=\"max-width:1248px;margin-left: calc(-4% \/ 2 );margin-right: calc(-4% \/ 2 );\"><div class=\"fusion-layout-column fusion_builder_column fusion-builder-column-0 fusion_builder_column_1_1 1_1 fusion-flex-column\" style=\"--awb-bg-size:cover;--awb-width-large:100%;--awb-spacing-right-large:1.92%;--awb-margin-bottom-large:0px;--awb-spacing-left-large:1.92%;--awb-width-medium:100%;--awb-order-medium:0;--awb-spacing-right-medium:1.92%;--awb-spacing-left-medium:1.92%;--awb-width-small:100%;--awb-order-small:0;--awb-spacing-right-small:1.92%;--awb-spacing-left-small:1.92%;\"><div class=\"fusion-column-wrapper fusion-column-has-shadow fusion-flex-justify-content-flex-start fusion-content-layout-column\"><div class=\"awb-image-hotspots awb-image-hotspots-1\"><div class=\"awb-image-hotspots-wrapper\"><img decoding=\"async\" src=\"https:\/\/www.punteks.com\/wp-content\/uploads\/2025\/06\/otomotiv-sektoru-punteks.png\" data-orig-src=\"https:\/\/www.punteks.com\/wp-content\/uploads\/2025\/06\/otomotiv-sektoru-punteks.png\" alt=\"otomotiv-sektoru-punteks\" width=\"741\" height=\"378\" title=\"otomotiv-sektoru-punteks\" class=\"lazyload awb-image-hotspots-image wp-image-3489\" srcset=\"data:image\/svg+xml,%3Csvg%20xmlns%3D%27http%3A%2F%2Fwww.w3.org%2F2000%2Fsvg%27%20width%3D%27741%27%20height%3D%27378%27%20viewBox%3D%270%200%20741%20378%27%3E%3Crect%20width%3D%27741%27%20height%3D%27378%27%20fill-opacity%3D%220%22%2F%3E%3C%2Fsvg%3E\" data-srcset=\"https:\/\/www.punteks.com\/wp-content\/uploads\/2025\/06\/otomotiv-sektoru-punteks-200x102.png 200w, https:\/\/www.punteks.com\/wp-content\/uploads\/2025\/06\/otomotiv-sektoru-punteks-300x153.png 300w, https:\/\/www.punteks.com\/wp-content\/uploads\/2025\/06\/otomotiv-sektoru-punteks-400x204.png 400w, https:\/\/www.punteks.com\/wp-content\/uploads\/2025\/06\/otomotiv-sektoru-punteks-600x306.png 600w, https:\/\/www.punteks.com\/wp-content\/uploads\/2025\/06\/otomotiv-sektoru-punteks.png 741w\" data-sizes=\"auto\" data-orig-sizes=\"(max-width: 741px) 100vw, 741px\"\/><a style=\"--awb-pos-x:24.0%;--awb-pos-y:14.0%;\" class=\"awb-image-hotspots-hotspot awb-image-hotspots-hotspot-1 awb-image-hotspots-hotspot-anim-pulsating\" role=\"button\" tabindex=\"0\" data-awb-toggle-image-hotspot-popover=\"true\" data-content=\"\u00d6n G\u00f6\u011f\u00fcs Ke\u00e7esi\" data-trigger=\"hover focus\" data-placement=\"auto\"><i class=\"fa-bullseye fas\"><\/i> <\/a><a style=\"--awb-pos-x:55.0%;--awb-pos-y:14.0%;\" class=\"awb-image-hotspots-hotspot awb-image-hotspots-hotspot-2 awb-image-hotspots-hotspot-anim-pulsating\" role=\"button\" tabindex=\"0\" data-awb-toggle-image-hotspot-popover=\"true\" data-content=\"Tavan Ke\u00e7esi\" data-trigger=\"hover focus\" data-placement=\"auto\"><i class=\"fa-bullseye fas\"><\/i> <\/a><a style=\"--awb-pos-x:35.0%;--awb-pos-y:28.0%;\" class=\"awb-image-hotspots-hotspot awb-image-hotspots-hotspot-3 awb-image-hotspots-hotspot-anim-pulsating\" role=\"button\" tabindex=\"0\" data-awb-toggle-image-hotspot-popover=\"true\" data-content=\"Konsol Ke\u00e7esi\" data-trigger=\"hover focus\" data-placement=\"auto\"><i class=\"fa-bullseye fas\"><\/i> <\/a><a style=\"--awb-pos-x:44.0%;--awb-pos-y:51.0%;\" class=\"awb-image-hotspots-hotspot awb-image-hotspots-hotspot-4 awb-image-hotspots-hotspot-anim-pulsating\" role=\"button\" tabindex=\"0\" data-awb-toggle-image-hotspot-popover=\"true\" data-content=\"Kap\u0131 Ke\u00e7esi\" data-trigger=\"hover focus\" data-placement=\"auto\"><i class=\"fa-bullseye fas\"><\/i> <\/a><a style=\"--awb-pos-x:28.0%;--awb-pos-y:60.0%;\" class=\"awb-image-hotspots-hotspot awb-image-hotspots-hotspot-5 awb-image-hotspots-hotspot-anim-pulsating\" role=\"button\" tabindex=\"0\" data-awb-toggle-image-hotspot-popover=\"true\" data-content=\"Taban Ke\u00e7esi\" data-trigger=\"hover focus\" data-placement=\"auto\"><i class=\"fa-bullseye fas\"><\/i> <\/a><a style=\"--awb-pos-x:84.0%;--awb-pos-y:35.0%;\" class=\"awb-image-hotspots-hotspot awb-image-hotspots-hotspot-6 awb-image-hotspots-hotspot-anim-pulsating\" role=\"button\" tabindex=\"0\" data-awb-toggle-image-hotspot-popover=\"true\" data-content=\"Bagaj Ke\u00e7esi\" data-trigger=\"hover focus\" data-placement=\"auto\"><i class=\"fa-bullseye fas\"><\/i> <\/a><\/div><\/div><div class=\"fusion-text fusion-text-1\"><p>Since the day we were founded, we have been involved in many projects in the automotive sector, producing according to customer specifications and providing all kinds of dust, heat and sound preventive services by specially cutting and laminating.<\/p>\n<p>With the developing technologies, we provide solutions for sound and heat insulation to the automotive sector based on quality in production.<\/p>\n<\/div><\/div><\/div><\/div><\/div>\n","protected":false},"excerpt":{"rendered":"","protected":false},"author":1,"featured_media":0,"parent":4056,"menu_order":0,"comment_status":"closed","ping_status":"closed","template":"100-width.php","meta":{"footnotes":""},"class_list":["post-4122","page","type-page","status-publish","hentry"],"_links":{"self":[{"href":"https:\/\/www.punteks.com\/en\/wp-json\/wp\/v2\/pages\/4122","targetHints":{"allow":["GET"]}}],"collection":[{"href":"https:\/\/www.punteks.com\/en\/wp-json\/wp\/v2\/pages"}],"about":[{"href":"https:\/\/www.punteks.com\/en\/wp-json\/wp\/v2\/types\/page"}],"author":[{"embeddable":true,"href":"https:\/\/www.punteks.com\/en\/wp-json\/wp\/v2\/users\/1"}],"replies":[{"embeddable":true,"href":"https:\/\/www.punteks.com\/en\/wp-json\/wp\/v2\/comments?post=4122"}],"version-history":[{"count":3,"href":"https:\/\/www.punteks.com\/en\/wp-json\/wp\/v2\/pages\/4122\/revisions"}],"predecessor-version":[{"id":4126,"href":"https:\/\/www.punteks.com\/en\/wp-json\/wp\/v2\/pages\/4122\/revisions\/4126"}],"up":[{"embeddable":true,"href":"https:\/\/www.punteks.com\/en\/wp-json\/wp\/v2\/pages\/4056"}],"wp:attachment":[{"href":"https:\/\/www.punteks.com\/en\/wp-json\/wp\/v2\/media?parent=4122"}],"curies":[{"name":"wp","href":"https:\/\/api.w.org\/{rel}","templated":true}]}}