{"id":3627,"date":"2025-06-19T18:18:35","date_gmt":"2025-06-19T18:18:35","guid":{"rendered":"https:\/\/www.punteks.com\/areas-of-use\/white-goods\/"},"modified":"2025-06-23T19:29:31","modified_gmt":"2025-06-23T19:29:31","slug":"white-goods","status":"publish","type":"page","link":"https:\/\/www.punteks.com\/en\/applications\/industrial-applications\/white-goods\/","title":{"rendered":"White Goods"},"content":{"rendered":"<div class=\"fusion-fullwidth fullwidth-box fusion-builder-row-1 fusion-flex-container has-pattern-background has-mask-background nonhundred-percent-fullwidth non-hundred-percent-height-scrolling\" style=\"--awb-border-radius-top-left:0px;--awb-border-radius-top-right:0px;--awb-border-radius-bottom-right:0px;--awb-border-radius-bottom-left:0px;--awb-flex-wrap:wrap;\" ><div class=\"fusion-builder-row fusion-row fusion-flex-align-items-flex-start fusion-flex-content-wrap\" style=\"max-width:1248px;margin-left: calc(-4% \/ 2 );margin-right: calc(-4% \/ 2 );\"><div class=\"fusion-layout-column fusion_builder_column fusion-builder-column-0 fusion_builder_column_1_1 1_1 fusion-flex-column\" style=\"--awb-bg-size:cover;--awb-width-large:100%;--awb-spacing-right-large:1.92%;--awb-margin-bottom-large:0px;--awb-spacing-left-large:1.92%;--awb-width-medium:100%;--awb-order-medium:0;--awb-spacing-right-medium:1.92%;--awb-spacing-left-medium:1.92%;--awb-width-small:100%;--awb-order-small:0;--awb-spacing-right-small:1.92%;--awb-spacing-left-small:1.92%;\"><div class=\"fusion-column-wrapper fusion-column-has-shadow fusion-flex-justify-content-flex-start fusion-content-layout-column\"><div class=\"awb-image-hotspots awb-image-hotspots-1\"><div class=\"awb-image-hotspots-wrapper\"><img decoding=\"async\" src=\"https:\/\/www.punteks.com\/wp-content\/uploads\/2025\/06\/beyaz-esya-sektoru-punteks.png\" data-orig-src=\"https:\/\/www.punteks.com\/wp-content\/uploads\/2025\/06\/beyaz-esya-sektoru-punteks.png\" alt=\"beyaz-esya-sektoru-punteks\" width=\"800\" height=\"441\" title=\"beyaz-esya-sektoru-punteks\" class=\"lazyload awb-image-hotspots-image wp-image-3490\" srcset=\"data:image\/svg+xml,%3Csvg%20xmlns%3D%27http%3A%2F%2Fwww.w3.org%2F2000%2Fsvg%27%20width%3D%27800%27%20height%3D%27441%27%20viewBox%3D%270%200%20800%20441%27%3E%3Crect%20width%3D%27800%27%20height%3D%27441%27%20fill-opacity%3D%220%22%2F%3E%3C%2Fsvg%3E\" data-srcset=\"https:\/\/www.punteks.com\/wp-content\/uploads\/2025\/06\/beyaz-esya-sektoru-punteks-200x110.png 200w, https:\/\/www.punteks.com\/wp-content\/uploads\/2025\/06\/beyaz-esya-sektoru-punteks-300x165.png 300w, https:\/\/www.punteks.com\/wp-content\/uploads\/2025\/06\/beyaz-esya-sektoru-punteks-400x221.png 400w, https:\/\/www.punteks.com\/wp-content\/uploads\/2025\/06\/beyaz-esya-sektoru-punteks-600x331.png 600w, https:\/\/www.punteks.com\/wp-content\/uploads\/2025\/06\/beyaz-esya-sektoru-punteks-768x423.png 768w, https:\/\/www.punteks.com\/wp-content\/uploads\/2025\/06\/beyaz-esya-sektoru-punteks.png 800w\" data-sizes=\"auto\" data-orig-sizes=\"(max-width: 800px) 100vw, 800px\"\/><a style=\"--awb-pos-x:24.0%;--awb-pos-y:6.0%;\" class=\"awb-image-hotspots-hotspot awb-image-hotspots-hotspot-1 awb-image-hotspots-hotspot-anim-pulsating\" role=\"button\" tabindex=\"0\" data-awb-toggle-image-hotspot-popover=\"true\" data-content=\"Bantl\u0131 \u00dcst Panel Ke\u00e7esi\" data-trigger=\"hover focus\" data-placement=\"auto\"><i class=\"fa-bullseye fas\"><\/i> <\/a><a style=\"--awb-pos-x:35.0%;--awb-pos-y:40.0%;\" class=\"awb-image-hotspots-hotspot awb-image-hotspots-hotspot-2 awb-image-hotspots-hotspot-anim-pulsating\" role=\"button\" tabindex=\"0\" data-awb-toggle-image-hotspot-popover=\"true\" data-content=\"Yan Panel Ke\u00e7esi\" data-trigger=\"hover focus\" data-placement=\"auto\"><i class=\"fa-bullseye fas\"><\/i> <\/a><a style=\"--awb-pos-x:62.0%;--awb-pos-y:7.0%;\" class=\"awb-image-hotspots-hotspot awb-image-hotspots-hotspot-3 awb-image-hotspots-hotspot-anim-pulsating\" role=\"button\" tabindex=\"0\" data-awb-toggle-image-hotspot-popover=\"true\" data-content=\"Bantl\u0131 \u00dcst Panel Ke\u00e7esi\" data-trigger=\"hover focus\" data-placement=\"auto\"><i class=\"fa-bullseye fas\"><\/i> <\/a><a style=\"--awb-pos-x:50.0%;--awb-pos-y:51.0%;\" class=\"awb-image-hotspots-hotspot awb-image-hotspots-hotspot-4 awb-image-hotspots-hotspot-anim-pulsating\" role=\"button\" tabindex=\"0\" data-awb-toggle-image-hotspot-popover=\"true\" data-content=\"G\u00f6vde Ke\u00e7esi\" data-trigger=\"hover focus\" data-placement=\"auto\"><i class=\"fa-bullseye fas\"><\/i> <\/a><a style=\"--awb-pos-x:73.0%;--awb-pos-y:60.0%;\" class=\"awb-image-hotspots-hotspot awb-image-hotspots-hotspot-5 awb-image-hotspots-hotspot-anim-pulsating\" role=\"button\" tabindex=\"0\" data-awb-toggle-image-hotspot-popover=\"true\" data-content=\"G\u00f6vde Kapak Ke\u00e7esi\" data-trigger=\"hover focus\" data-placement=\"auto\"><i class=\"fa-bullseye fas\"><\/i> <\/a><a style=\"--awb-pos-x:65.0%;--awb-pos-y:82.0%;\" class=\"awb-image-hotspots-hotspot awb-image-hotspots-hotspot-6 awb-image-hotspots-hotspot-anim-pulsating\" role=\"button\" tabindex=\"0\" data-awb-toggle-image-hotspot-popover=\"true\" data-content=\"Alt Kapak Ke\u00e7esi\" data-trigger=\"hover focus\" data-placement=\"auto\"><i class=\"fa-bullseye fas\"><\/i> <\/a><\/div><\/div><div class=\"fusion-text fusion-text-1\"><p>As Punteks, we produce seals that provide sound and heat insulation for companies producing <strong>dishwashers, washing machines, dryers and air conditioners<\/strong>, taking into account the features demanded by our customers.<\/p>\n<p>By closely following the changing market conditions and technological developments, we provide solutions suitable for the demands of our customers with our product quality and timely delivery performance.<\/p>\n<\/div><\/div><\/div><\/div><\/div>\n","protected":false},"excerpt":{"rendered":"","protected":false},"author":1,"featured_media":0,"parent":4056,"menu_order":0,"comment_status":"closed","ping_status":"closed","template":"100-width.php","meta":{"footnotes":""},"class_list":["post-3627","page","type-page","status-publish","hentry"],"_links":{"self":[{"href":"https:\/\/www.punteks.com\/en\/wp-json\/wp\/v2\/pages\/3627","targetHints":{"allow":["GET"]}}],"collection":[{"href":"https:\/\/www.punteks.com\/en\/wp-json\/wp\/v2\/pages"}],"about":[{"href":"https:\/\/www.punteks.com\/en\/wp-json\/wp\/v2\/types\/page"}],"author":[{"embeddable":true,"href":"https:\/\/www.punteks.com\/en\/wp-json\/wp\/v2\/users\/1"}],"replies":[{"embeddable":true,"href":"https:\/\/www.punteks.com\/en\/wp-json\/wp\/v2\/comments?post=3627"}],"version-history":[{"count":2,"href":"https:\/\/www.punteks.com\/en\/wp-json\/wp\/v2\/pages\/3627\/revisions"}],"predecessor-version":[{"id":3629,"href":"https:\/\/www.punteks.com\/en\/wp-json\/wp\/v2\/pages\/3627\/revisions\/3629"}],"up":[{"embeddable":true,"href":"https:\/\/www.punteks.com\/en\/wp-json\/wp\/v2\/pages\/4056"}],"wp:attachment":[{"href":"https:\/\/www.punteks.com\/en\/wp-json\/wp\/v2\/media?parent=3627"}],"curies":[{"name":"wp","href":"https:\/\/api.w.org\/{rel}","templated":true}]}}