{"id":3594,"date":"2025-06-21T14:50:56","date_gmt":"2025-06-21T14:50:56","guid":{"rendered":"https:\/\/www.punteks.com\/contact\/contact-information\/"},"modified":"2026-02-04T05:42:16","modified_gmt":"2026-02-04T05:42:16","slug":"contact-information","status":"publish","type":"page","link":"https:\/\/www.punteks.com\/en\/contact\/contact-information\/","title":{"rendered":"Contact Information"},"content":{"rendered":"<div class=\"fusion-fullwidth fullwidth-box fusion-builder-row-1 fusion-flex-container has-pattern-background has-mask-background nonhundred-percent-fullwidth non-hundred-percent-height-scrolling\" style=\"--awb-border-radius-top-left:0px;--awb-border-radius-top-right:0px;--awb-border-radius-bottom-right:0px;--awb-border-radius-bottom-left:0px;--awb-flex-wrap:wrap;\" ><div class=\"fusion-builder-row fusion-row fusion-flex-align-items-flex-start fusion-flex-content-wrap\" style=\"max-width:1248px;margin-left: calc(-4% \/ 2 );margin-right: calc(-4% \/ 2 );\"><div class=\"fusion-layout-column fusion_builder_column fusion-builder-column-0 fusion_builder_column_1_1 1_1 fusion-flex-column\" style=\"--awb-bg-size:cover;--awb-width-large:100%;--awb-margin-top-large:30px;--awb-spacing-right-large:1.92%;--awb-margin-bottom-large:0px;--awb-spacing-left-large:1.92%;--awb-width-medium:100%;--awb-order-medium:0;--awb-spacing-right-medium:1.92%;--awb-spacing-left-medium:1.92%;--awb-width-small:100%;--awb-order-small:0;--awb-spacing-right-small:1.92%;--awb-spacing-left-small:1.92%;\" data-scroll-devices=\"small-visibility,medium-visibility,large-visibility\"><div class=\"fusion-column-wrapper fusion-column-has-shadow fusion-flex-justify-content-flex-start fusion-content-layout-column\"><div class=\"fusion-text fusion-text-1 fusion-text-no-margin\" style=\"--awb-margin-bottom:10px;\"><p><strong>PUNTEKS IZOLASYON BEYAZ E\u015eYA VE OTOMOTI\u0307V YAN SANAYI\u0307 TI\u0307CARET A.\u015e. &#8211; MANI\u0307SA CONVERTING FACTORY<\/strong><\/p>\n<\/div><div class=\"fusion-text fusion-text-2 fusion-text-no-margin\" style=\"--awb-font-size:16px;--awb-margin-bottom:10px;\"><p><strong>Address<\/strong> Manisa Organized Industrial Zone VI. K\u0131s\u0131m Burhan Kurto\u011flu Caddesi No:13 Yunusemre MAN\u0130SA \/ TURKEY<br \/><b style=\"background-color: rgba(0, 0, 0, 0);\">Telephone<\/b><span style=\"background-color: rgba(0, 0, 0, 0);\">: +90 236 999 19 96 (pbx)<br \/><\/span><strong style=\"background-color: rgba(0, 0, 0, 0);\">E-mail:<\/strong><span style=\"background-color: rgba(0, 0, 0, 0);\"> info@punteks.com<\/span><\/p>\n<\/div><\/div><\/div><div class=\"fusion-layout-column fusion_builder_column fusion-builder-column-1 fusion_builder_column_1_1 1_1 fusion-flex-column\" style=\"--awb-bg-size:cover;--awb-width-large:100%;--awb-margin-top-large:10px;--awb-spacing-right-large:1.92%;--awb-margin-bottom-large:0px;--awb-spacing-left-large:1.92%;--awb-width-medium:100%;--awb-order-medium:0;--awb-spacing-right-medium:1.92%;--awb-spacing-left-medium:1.92%;--awb-width-small:100%;--awb-order-small:0;--awb-spacing-right-small:1.92%;--awb-spacing-left-small:1.92%;\" data-scroll-devices=\"small-visibility,medium-visibility,large-visibility\"><div class=\"fusion-column-wrapper fusion-column-has-shadow fusion-flex-justify-content-flex-start fusion-content-layout-column\"><iframe src=\"https:\/\/www.google.com\/maps\/embed?pb=!1m18!1m12!1m3!1d3116.6843566822326!2d27.30999227513803!3d38.633141871781646!2m3!1f0!2f0!3f0!3m2!1i1024!2i768!4f13.1!3m3!1m2!1s0x14b983e08b8f747d:0xf10c2d8a2ed8f2e3!2sPunteks%20%C4%B0zolasyon%20Beyaz%20E%C5%9Fya%20ve%20Otomotiv%20Yan%20Sanayi%20Ticaret%20A.%C5%9E.%20Manisa%20Fabrikas%C4%B1!5e0!3m2!1str!2str!4v1750540215686!5m2!1str!2str\" width=\"100%\" height=\"250\" style=\"border:1px solid #28282830;padding:5px;\" allowfullscreen=\"\" loading=\"lazy\" referrerpolicy=\"no-referrer-when-downgrade\"><\/iframe><\/div><\/div><div class=\"fusion-layout-column fusion_builder_column fusion-builder-column-2 fusion_builder_column_1_1 1_1 fusion-flex-column\" style=\"--awb-bg-size:cover;--awb-width-large:100%;--awb-margin-top-large:30px;--awb-spacing-right-large:1.92%;--awb-margin-bottom-large:0px;--awb-spacing-left-large:1.92%;--awb-width-medium:100%;--awb-order-medium:0;--awb-spacing-right-medium:1.92%;--awb-spacing-left-medium:1.92%;--awb-width-small:100%;--awb-order-small:0;--awb-spacing-right-small:1.92%;--awb-spacing-left-small:1.92%;\" data-scroll-devices=\"small-visibility,medium-visibility,large-visibility\"><div class=\"fusion-column-wrapper fusion-column-has-shadow fusion-flex-justify-content-flex-start fusion-content-layout-column\"><div class=\"fusion-text fusion-text-3 fusion-text-no-margin\" style=\"--awb-margin-bottom:10px;\"><p><strong>PUNTEKS \u0130ZOLASYON BEYAZ E\u015eYA VE OTOMOT\u0130V YAN SANAY\u0130 T\u0130CARET A.\u015e. \u2013 U\u015eAK FELT PRODUCTION &amp; CONVERTING FACTORY<\/strong><\/p>\n<\/div><div class=\"fusion-text fusion-text-4 fusion-text-no-margin\" style=\"--awb-font-size:16px;--awb-margin-bottom:10px;\"><p><strong>Address:<\/strong> Tekstil OSB, 401.Cadde No:18\/1, 64100 \u00dcr\u00fcn\/Merkez\/U\u015fak<br \/><strong>Telephone:<\/strong> +90 276 266 88 50 (pbx)<br \/><strong>E-mail:<\/strong> info@punteks.com<\/p>\n<\/div><\/div><\/div><div class=\"fusion-layout-column fusion_builder_column fusion-builder-column-3 fusion_builder_column_1_1 1_1 fusion-flex-column\" style=\"--awb-bg-size:cover;--awb-width-large:100%;--awb-margin-top-large:10px;--awb-spacing-right-large:1.92%;--awb-margin-bottom-large:0px;--awb-spacing-left-large:1.92%;--awb-width-medium:100%;--awb-order-medium:0;--awb-spacing-right-medium:1.92%;--awb-spacing-left-medium:1.92%;--awb-width-small:100%;--awb-order-small:0;--awb-spacing-right-small:1.92%;--awb-spacing-left-small:1.92%;\" data-scroll-devices=\"small-visibility,medium-visibility,large-visibility\"><div class=\"fusion-column-wrapper fusion-column-has-shadow fusion-flex-justify-content-flex-start fusion-content-layout-column\"><iframe src=\"https:\/\/www.google.com\/maps\/embed?pb=!1m18!1m12!1m3!1d3116.6843566822326!2d27.30999227513803!3d38.633141871781646!2m3!1f0!2f0!3f0!3m2!1i1024!2i768!4f13.1!3m3!1m2!1s0x14b983e08b8f747d:0xf10c2d8a2ed8f2e3!2sPunteks%20%C4%B0zolasyon%20Beyaz%20E%C5%9Fya%20ve%20Otomotiv%20Yan%20Sanayi%20Ticaret%20A.%C5%9E.%20Manisa%20Fabrikas%C4%B1!5e0!3m2!1str!2str!4v1750540215686!5m2!1str!2str\" width=\"100%\" height=\"250\" style=\"border:1px solid #28282830;padding:5px;\" allowfullscreen=\"\" loading=\"lazy\" referrerpolicy=\"no-referrer-when-downgrade\"><\/iframe><\/div><\/div><\/div><\/div>\n","protected":false},"excerpt":{"rendered":"","protected":false},"author":1,"featured_media":0,"parent":3561,"menu_order":0,"comment_status":"closed","ping_status":"closed","template":"100-width.php","meta":{"footnotes":""},"class_list":["post-3594","page","type-page","status-publish","hentry"],"_links":{"self":[{"href":"https:\/\/www.punteks.com\/en\/wp-json\/wp\/v2\/pages\/3594","targetHints":{"allow":["GET"]}}],"collection":[{"href":"https:\/\/www.punteks.com\/en\/wp-json\/wp\/v2\/pages"}],"about":[{"href":"https:\/\/www.punteks.com\/en\/wp-json\/wp\/v2\/types\/page"}],"author":[{"embeddable":true,"href":"https:\/\/www.punteks.com\/en\/wp-json\/wp\/v2\/users\/1"}],"replies":[{"embeddable":true,"href":"https:\/\/www.punteks.com\/en\/wp-json\/wp\/v2\/comments?post=3594"}],"version-history":[{"count":8,"href":"https:\/\/www.punteks.com\/en\/wp-json\/wp\/v2\/pages\/3594\/revisions"}],"predecessor-version":[{"id":4427,"href":"https:\/\/www.punteks.com\/en\/wp-json\/wp\/v2\/pages\/3594\/revisions\/4427"}],"up":[{"embeddable":true,"href":"https:\/\/www.punteks.com\/en\/wp-json\/wp\/v2\/pages\/3561"}],"wp:attachment":[{"href":"https:\/\/www.punteks.com\/en\/wp-json\/wp\/v2\/media?parent=3594"}],"curies":[{"name":"wp","href":"https:\/\/api.w.org\/{rel}","templated":true}]}}