{"id":3561,"date":"2024-05-10T19:46:38","date_gmt":"2024-05-10T19:46:38","guid":{"rendered":"https:\/\/www.punteks.com\/contact\/"},"modified":"2026-01-26T11:30:38","modified_gmt":"2026-01-26T11:30:38","slug":"contact","status":"publish","type":"page","link":"https:\/\/www.punteks.com\/en\/contact\/","title":{"rendered":"Contact"},"content":{"rendered":"<p><div class=\"fusion-fullwidth fullwidth-box fusion-builder-row-1 fusion-flex-container has-pattern-background has-mask-background nonhundred-percent-fullwidth non-hundred-percent-height-scrolling\" style=\"--awb-border-radius-top-left:0px;--awb-border-radius-top-right:0px;--awb-border-radius-bottom-right:0px;--awb-border-radius-bottom-left:0px;--awb-padding-right:0px;--awb-padding-left:0px;--awb-flex-wrap:wrap;\" ><div class=\"fusion-builder-row fusion-row fusion-flex-align-items-flex-start fusion-flex-content-wrap\" style=\"max-width:calc( 1200px + 20px );margin-left: calc(-20px \/ 2 );margin-right: calc(-20px \/ 2 );\"><div class=\"fusion-layout-column fusion_builder_column fusion-builder-column-0 fusion_builder_column_1_2 1_2 fusion-flex-column fusion-animated\" style=\"--awb-padding-top:30px;--awb-padding-right:30px;--awb-padding-bottom:30px;--awb-padding-left:30px;--awb-bg-color:#004492;--awb-bg-color-hover:#004492;--awb-bg-size:cover;--awb-width-large:50%;--awb-spacing-right-large:10px;--awb-margin-bottom-large:0px;--awb-spacing-left-large:10px;--awb-width-medium:50%;--awb-order-medium:0;--awb-spacing-right-medium:10px;--awb-spacing-left-medium:10px;--awb-width-small:100%;--awb-order-small:0;--awb-spacing-right-small:10px;--awb-spacing-left-small:10px;\" data-animationType=\"fadeInDown\" data-animationDuration=\"1.0\" data-animationDelay=\"1.0\" data-animationOffset=\"top-into-view\" data-scroll-devices=\"small-visibility,medium-visibility,large-visibility\"><div class=\"fusion-column-wrapper fusion-column-has-shadow fusion-flex-justify-content-flex-start fusion-content-layout-column\"><div class=\"fusion-text fusion-text-1 fusion-text-no-margin\" style=\"--awb-font-size:16px;--awb-text-color:#ffffff;--awb-margin-bottom:10px;\"><p><strong>PUNTEKS IZOLASYON BEYAZ E\u015eYA VE OTOMOTI\u0307V YAN SANAYI\u0307 TI\u0307CARET A.\u015e. &#8211; MANI\u0307SA CONVERTING FACTORY<\/strong><\/p>\n<\/div><div class=\"fusion-text fusion-text-2 fusion-text-no-margin\" style=\"--awb-text-color:#ffffff;--awb-margin-bottom:40px;\"><p><strong>Address<\/strong> Manisa Organized Industrial Zone VI. K\u0131s\u0131m Burhan Kurto\u011flu Caddesi No:13 Yunusemre MAN\u0130SA \/ TURKEY<br \/>\n<strong>Telephone:<\/strong> +90 236 999 19 96 (pbx)<br \/>\n<strong>E-mail:<\/strong> info@punteks.com<\/p>\n<\/div><iframe style=\"border: 1px solid #fff;\" src=\"https:\/\/www.google.com\/maps\/embed?pb=!1m18!1m12!1m3!1d3134.506182664969!2d27.377595799999995!3d38.22136!2m3!1f0!2f0!3f0!3m2!1i1024!2i768!4f13.1!3m3!1m2!1s0x14bbd93501cb6bb1:0x9e816191fdee10cb!2sPUNTEKS%20%C4%B0ZOLASYON%20BEYAZ%20E%C5%9EYA%20VE%20OTOMOT%C4%B0V%20YAN%20SAN.%20T%C4%B0C.%20A.%C5%9E!5e0!3m2!1str!2str!4v1750446272822!5m2!1str!2str\" width=\"100%\" height=\"250\" allowfullscreen=\"allowfullscreen\"><\/iframe><\/div><\/div><div class=\"fusion-layout-column fusion_builder_column fusion-builder-column-1 fusion_builder_column_1_2 1_2 fusion-flex-column fusion-animated\" style=\"--awb-padding-top:30px;--awb-padding-right:30px;--awb-padding-bottom:30px;--awb-padding-left:30px;--awb-bg-color:#004492;--awb-bg-color-hover:#004492;--awb-bg-size:cover;--awb-width-large:50%;--awb-spacing-right-large:10px;--awb-margin-bottom-large:0px;--awb-spacing-left-large:10px;--awb-width-medium:50%;--awb-order-medium:0;--awb-spacing-right-medium:10px;--awb-spacing-left-medium:10px;--awb-width-small:100%;--awb-order-small:0;--awb-spacing-right-small:10px;--awb-spacing-left-small:10px;\" data-animationType=\"fadeInDown\" data-animationDuration=\"1.0\" data-animationDelay=\"1.0\" data-animationOffset=\"top-into-view\" data-scroll-devices=\"small-visibility,medium-visibility,large-visibility\"><div class=\"fusion-column-wrapper fusion-column-has-shadow fusion-flex-justify-content-flex-start fusion-content-layout-column\"><div class=\"fusion-text fusion-text-3 fusion-text-no-margin\" style=\"--awb-font-size:16px;--awb-text-color:#ffffff;--awb-margin-bottom:10px;\"><p><strong>PUNTEKS IZOLASYON BEYAZ E\u015eYA VE OTOMOTI\u0307V YAN SANAYI\u0307 TI\u0307CARET A.\u015e. &#8211; U\u015eAK\u00a0 CONVERTING FACTORY<\/strong><\/p>\n<\/div><div class=\"fusion-text fusion-text-4 fusion-text-no-margin\" style=\"--awb-text-color:#ffffff;--awb-margin-bottom:40px;\"><p><strong>Address<\/strong> Tekstil OSB, 401.Cadde No:18\/1, 64100 \u00dcr\u00fcn\/Merkez\/U\u015fak\/ TURKEY<br \/>\n<strong>Telephone:<\/strong> +90 276 266 88 50 (pbx)<br \/>\n<strong>E-mail:<\/strong> info@punteks.com<\/p>\n<\/div><iframe style=\"border: 1px solid #fff;\" src=\"https:\/\/www.google.com\/maps\/embed?pb=!1m18!1m12!1m3!1d3134.506182664969!2d27.377595799999995!3d38.22136!2m3!1f0!2f0!3f0!3m2!1i1024!2i768!4f13.1!3m3!1m2!1s0x14bbd93501cb6bb1:0x9e816191fdee10cb!2sPUNTEKS%20%C4%B0ZOLASYON%20BEYAZ%20E%C5%9EYA%20VE%20OTOMOT%C4%B0V%20YAN%20SAN.%20T%C4%B0C.%20A.%C5%9E!5e0!3m2!1str!2str!4v1750446272822!5m2!1str!2str\" width=\"100%\" height=\"250\" allowfullscreen=\"allowfullscreen\"><\/iframe><\/div><\/div><div class=\"fusion-layout-column fusion_builder_column fusion-builder-column-2 fusion_builder_column_1_1 1_1 fusion-flex-column\" style=\"--awb-bg-size:cover;--awb-width-large:100%;--awb-spacing-right-large:10px;--awb-margin-bottom-large:0px;--awb-spacing-left-large:10px;--awb-width-medium:100%;--awb-order-medium:0;--awb-spacing-right-medium:10px;--awb-spacing-left-medium:10px;--awb-width-small:100%;--awb-order-small:0;--awb-spacing-right-small:10px;--awb-spacing-left-small:10px;\"><div class=\"fusion-column-wrapper fusion-column-has-shadow fusion-flex-justify-content-flex-start fusion-content-layout-column\"><\/div><\/div><\/div><\/div><div class=\"fusion-fullwidth fullwidth-box fusion-builder-row-2 fusion-flex-container has-pattern-background has-mask-background hundred-percent-fullwidth non-hundred-percent-height-scrolling\" style=\"--awb-border-radius-top-left:0px;--awb-border-radius-top-right:0px;--awb-border-radius-bottom-right:0px;--awb-border-radius-bottom-left:0px;--awb-padding-right:0px;--awb-padding-left:0px;--awb-flex-wrap:wrap;\" ><div class=\"fusion-builder-row fusion-row fusion-flex-align-items-flex-start fusion-flex-content-wrap\" style=\"width:104% !important;max-width:104% !important;margin-left: calc(-4% \/ 2 );margin-right: calc(-4% \/ 2 );\"><div class=\"fusion-layout-column fusion_builder_column fusion-builder-column-3 fusion_builder_column_1_1 1_1 fusion-flex-column\" style=\"--awb-bg-size:cover;--awb-width-large:100%;--awb-spacing-right-large:1.92%;--awb-margin-bottom-large:0px;--awb-spacing-left-large:1.92%;--awb-width-medium:100%;--awb-order-medium:0;--awb-spacing-right-medium:1.92%;--awb-spacing-left-medium:1.92%;--awb-width-small:100%;--awb-order-small:0;--awb-spacing-right-small:1.92%;--awb-spacing-left-small:1.92%;\"><div class=\"fusion-column-wrapper fusion-column-has-shadow fusion-flex-justify-content-flex-start fusion-content-layout-column\"><\/div><\/div><\/div><\/div><\/p>\n","protected":false},"excerpt":{"rendered":"","protected":false},"author":1,"featured_media":0,"parent":0,"menu_order":0,"comment_status":"closed","ping_status":"closed","template":"100-width.php","meta":{"footnotes":""},"class_list":["post-3561","page","type-page","status-publish","hentry"],"_links":{"self":[{"href":"https:\/\/www.punteks.com\/en\/wp-json\/wp\/v2\/pages\/3561","targetHints":{"allow":["GET"]}}],"collection":[{"href":"https:\/\/www.punteks.com\/en\/wp-json\/wp\/v2\/pages"}],"about":[{"href":"https:\/\/www.punteks.com\/en\/wp-json\/wp\/v2\/types\/page"}],"author":[{"embeddable":true,"href":"https:\/\/www.punteks.com\/en\/wp-json\/wp\/v2\/users\/1"}],"replies":[{"embeddable":true,"href":"https:\/\/www.punteks.com\/en\/wp-json\/wp\/v2\/comments?post=3561"}],"version-history":[{"count":1,"href":"https:\/\/www.punteks.com\/en\/wp-json\/wp\/v2\/pages\/3561\/revisions"}],"predecessor-version":[{"id":4423,"href":"https:\/\/www.punteks.com\/en\/wp-json\/wp\/v2\/pages\/3561\/revisions\/4423"}],"wp:attachment":[{"href":"https:\/\/www.punteks.com\/en\/wp-json\/wp\/v2\/media?parent=3561"}],"curies":[{"name":"wp","href":"https:\/\/api.w.org\/{rel}","templated":true}]}}